{"id":1092,"date":"2024-10-09T01:13:55","date_gmt":"2024-10-09T01:13:55","guid":{"rendered":"https:\/\/divka-group.com\/product\/bicycle-gloves-blue\/"},"modified":"2025-03-05T15:01:10","modified_gmt":"2025-03-05T15:01:10","slug":"bicycle-gloves-blue","status":"publish","type":"product","link":"https:\/\/divka-group.com\/en\/product\/bicycle-gloves-blue\/","title":{"rendered":"Neumaticos para automovil"},"content":{"rendered":"<p>Tenemos Neumaticos para automovil en todas las marcas de renombre Michelin, Pirelli, Continental, Bridgestone, Firestone, Goodyear, Dunlop, BF Goodrich, Toyo, Falken, Yokohama, Hankook, Uniroyal, Kumho etc .<\/p>\n<p>En medidas de rin desde 13&#8243; hasta 22&#8243;<\/p>\n<p>En todas las medidas de llantas ..<\/p>\n<p>CONTENEDOR 40\u00a0 PIES CLASE A<br \/>\nEUR 25.00<br \/>\nNEUMATICOS DE PRIMERA 4.5MM HASTA 6MM<\/p>\n<p>(ALGUNOS NEUMATICOS INCLUSO SIN USO)<\/p>\n<p>PRECIO DEL CONTENEDOR:\u00a0 \u00a0 \u00a0 \u00a0 \u00a0 \u00a0 \u00a0 \u00a0 \u20ac<\/p>\n<p>CANTIDAD DE NEUMATICOS: 1,800<\/p>\n<p>CARGAD Y TRIPLADO: 800.00\u20ac<\/p>\n<p>TOTAL DEL CONTENEDOR:\u00a0 \u00a0 \u00a0 \u00a0 \u00a0 \u00a0 \u00a0 \u00a0 \u20ac<\/p>\n<p>ATENCION: Las medidas se trabajan en base a su lista de numeraciones de modo que antes de realizar su pedido aseg\u00farese de tener a mano su lista, los precios de las navieras son variables y quedan especificados al momento de realizar su pedido, para que su pedido sea procesado tenga en cuanta que debe pagar un 70% del total de su factura, el 30% restante se debe pagar como m\u00ednimo 3 d\u00edas antes del despacho de su mercanc\u00eda, garantizamos las numeraciones de su pedido en un 80% a 85% de cantidades por numeraciones, solo enviamos las numeraciones de su lista mas no la cantidad exacta de cada medida que usted exprese en la lista.<\/p>\n<p>ENTIENDA QUE TENEMOS MUCHAS SOLICITUDES DE CLIENTES, SI USTED NO TIENE EXPERIENCIA TRABAJANDO CON NEUMATICOS DEBE SABER QUE LA INVERSION ES ALTA, NO ES SOLO EL PRECIO DE LOS NEUMATICOS DEBE INCLUIR EN SU PRESUPUESTO, PAGOS DE IMPUESTOS, MARITIMOS, EN LA OFICINA DE ADUNAS DEL PUERTO DE DESTINO, Y SERVICIOS PRESTADOS POR LA EMPRESA O EL AGENTE ADUANAL.<\/p>\n<p>LE RECOMENDAMOS ASESORARSE\u00a0 YA QUE\u00a0 PODRA ENCONTRAR TODA LA INFORMACION NECESARIA PARA INICIAR SU PROYECTO, LUEGO QUE ESTE AL TANTO DE TODOS LO PROCESOS CON GUSTO PUEDE AGENDAR UNA VIDEOLLAMADA CON NOSOTROS PARA INCIAR SU PROCESO DE COMPRAS.<\/p>\n<p>GRACIAS POR SU COMPRENSION.<\/p>","protected":false},"excerpt":{"rendered":"<p>Neumaticos de las mejores marcas del mercado como Pirelli, Hankok, Brigestone,etc.<\/p>","protected":false},"featured_media":2297,"comment_status":"open","ping_status":"closed","template":"","meta":{"_uag_custom_page_level_css":"","site-sidebar-layout":"default","site-content-layout":"default","ast-site-content-layout":"default","site-content-style":"default","site-sidebar-style":"default","ast-global-header-display":"","ast-banner-title-visibility":"","ast-main-header-display":"","ast-hfb-above-header-display":"","ast-hfb-below-header-display":"","ast-hfb-mobile-header-display":"","site-post-title":"disabled","ast-breadcrumbs-content":"disabled","ast-featured-img":"","footer-sml-layout":"","theme-transparent-header-meta":"default","adv-header-id-meta":"","stick-header-meta":"","header-above-stick-meta":"","header-main-stick-meta":"","header-below-stick-meta":"","astra-migrate-meta-layouts":"set","ast-page-background-enabled":"default","ast-page-background-meta":{"desktop":{"background-color":"var(--ast-global-color-4)","background-image":"","background-repeat":"repeat","background-position":"center center","background-size":"auto","background-attachment":"scroll","background-type":"","background-media":"","overlay-type":"","overlay-color":"","overlay-opacity":"","overlay-gradient":""},"tablet":{"background-color":"","background-image":"","background-repeat":"repeat","background-position":"center center","background-size":"auto","background-attachment":"scroll","background-type":"","background-media":"","overlay-type":"","overlay-color":"","overlay-opacity":"","overlay-gradient":""},"mobile":{"background-color":"","background-image":"","background-repeat":"repeat","background-position":"center center","background-size":"auto","background-attachment":"scroll","background-type":"","background-media":"","overlay-type":"","overlay-color":"","overlay-opacity":"","overlay-gradient":""}},"ast-content-background-meta":{"desktop":{"background-color":"var(--ast-global-color-5)","background-image":"","background-repeat":"repeat","background-position":"center center","background-size":"auto","background-attachment":"scroll","background-type":"","background-media":"","overlay-type":"","overlay-color":"","overlay-opacity":"","overlay-gradient":""},"tablet":{"background-color":"var(--ast-global-color-5)","background-image":"","background-repeat":"repeat","background-position":"center center","background-size":"auto","background-attachment":"scroll","background-type":"","background-media":"","overlay-type":"","overlay-color":"","overlay-opacity":"","overlay-gradient":""},"mobile":{"background-color":"var(--ast-global-color-5)","background-image":"","background-repeat":"repeat","background-position":"center center","background-size":"auto","background-attachment":"scroll","background-type":"","background-media":"","overlay-type":"","overlay-color":"","overlay-opacity":"","overlay-gradient":""}}},"product_cat":[15],"product_tag":[],"class_list":{"0":"post-1092","1":"product","2":"type-product","3":"status-publish","4":"has-post-thumbnail","6":"product_cat-uncategorized","7":"desktop-align-left","8":"tablet-align-left","9":"mobile-align-left","11":"first","12":"instock","13":"shipping-taxable","14":"purchasable","15":"product-type-simple"},"uagb_featured_image_src":{"full":["https:\/\/divka-group.com\/wp-content\/uploads\/2024\/10\/2.png",541,600,false],"thumbnail":["https:\/\/divka-group.com\/wp-content\/uploads\/2024\/10\/2-150x150.png",150,150,true],"medium":["https:\/\/divka-group.com\/wp-content\/uploads\/2024\/10\/2-271x300.png",271,300,true],"medium_large":["https:\/\/divka-group.com\/wp-content\/uploads\/2024\/10\/2.png",541,600,false],"large":["https:\/\/divka-group.com\/wp-content\/uploads\/2024\/10\/2.png",541,600,false],"1536x1536":["https:\/\/divka-group.com\/wp-content\/uploads\/2024\/10\/2.png",541,600,false],"2048x2048":["https:\/\/divka-group.com\/wp-content\/uploads\/2024\/10\/2.png",541,600,false],"trp-custom-language-flag":["https:\/\/divka-group.com\/wp-content\/uploads\/2024\/10\/2.png",11,12,false],"woocommerce_thumbnail":["https:\/\/divka-group.com\/wp-content\/uploads\/2024\/10\/2-300x300.png",300,300,true],"woocommerce_single":["https:\/\/divka-group.com\/wp-content\/uploads\/2024\/10\/2.png",541,600,false],"woocommerce_gallery_thumbnail":["https:\/\/divka-group.com\/wp-content\/uploads\/2024\/10\/2-100x100.png",100,100,true]},"uagb_author_info":{"display_name":"admin","author_link":"https:\/\/divka-group.com\/en\/author\/"},"uagb_comment_info":2,"uagb_excerpt":"Neumaticos de las mejores marcas del mercado como Pirelli, Hankok, Brigestone,etc.","_links":{"self":[{"href":"https:\/\/divka-group.com\/en\/wp-json\/wp\/v2\/product\/1092"}],"collection":[{"href":"https:\/\/divka-group.com\/en\/wp-json\/wp\/v2\/product"}],"about":[{"href":"https:\/\/divka-group.com\/en\/wp-json\/wp\/v2\/types\/product"}],"replies":[{"embeddable":true,"href":"https:\/\/divka-group.com\/en\/wp-json\/wp\/v2\/comments?post=1092"}],"wp:featuredmedia":[{"embeddable":true,"href":"https:\/\/divka-group.com\/en\/wp-json\/wp\/v2\/media\/2297"}],"wp:attachment":[{"href":"https:\/\/divka-group.com\/en\/wp-json\/wp\/v2\/media?parent=1092"}],"wp:term":[{"taxonomy":"product_cat","embeddable":true,"href":"https:\/\/divka-group.com\/en\/wp-json\/wp\/v2\/product_cat?post=1092"},{"taxonomy":"product_tag","embeddable":true,"href":"https:\/\/divka-group.com\/en\/wp-json\/wp\/v2\/product_tag?post=1092"}],"curies":[{"name":"wp","href":"https:\/\/api.w.org\/{rel}","templated":true}]}}